{"id":62,"date":"2013-04-21T11:27:34","date_gmt":"2013-04-21T08:27:34","guid":{"rendered":"http:\/\/www.yatagarasu.fi\/testi\/?page_id=62"},"modified":"2025-02-24T22:11:34","modified_gmt":"2025-02-24T20:11:34","slug":"iaido","status":"publish","type":"page","link":"https:\/\/www.yatagarasu.fi\/?page_id=62","title":{"rendered":"IAIDO"},"content":{"rendered":"<p>Iaido on perinteinen japanilaiseen miekank\u00e4ytt\u00f6taitoon perustuva laji, joka keskittyy miekan vet\u00e4misen ja sen k\u00e4yt\u00f6n harjoitteluun. Yatagarasu Ry on <a href=\"http:\/\/www.kendoliitto.net\/\" target=\"_blank\" rel=\"noopener noreferrer\">Suomen Kendoseurojen Keskusliitto ry:n<\/a> j\u00e4sen<\/p>\n<p><strong>IAIDON ALKEISKURSSI<\/strong><\/p>\n<p>Iaido soveltuu kaikenik\u00e4isille ja kokoisille harjoittelijoille sukupuolesta tai kunnosta riippumatta. Lajiominaisuudet kehittyv\u00e4t hiljalleen tekemisen my\u00f6t\u00e4. Yatagarasussa on iaidossa ik\u00e4rajana 13-vuotta.<\/p>\n<p>Vasta-alkajat voivat aloittaa iaido -harjoitukset milloin tahansa. Kaikilla uusilla harjoittelijoilla on oikeus kahteen ilmaiseen kokeilukertaan koska tahansa harjoitusvuoden aikana. Kev\u00e4\u00e4ll\u00e4 2023 j\u00e4rjestet\u00e4\u00e4n iaidon alkeiskurssiharjoituksia kaksi kertaa viikossa.<\/p>\n<p>Alkuun tarvitset vain verryttelyhousut ja t-paidan, sek\u00e4 sandaalit (zorit) tai vastaavat tatamille siirtymist\u00e4 varten. Harjoittelu tapahtuu tatamilla paljain jaloin. Saat seuralta apua harjoitteluasusteiden ja varusteiden hankinnassa.<\/p>\n<p>Tervetuloa mukaan harjoittelemaan!<\/p>\n<h4>OHJAAJAT:<\/h4>\n<p><a href=\"http:\/\/www.yatagarasu.fi\/wp-content\/uploads\/2025\/02\/kari_c.jpeg\"><img decoding=\"async\" class=\"alignnone wp-image-1772 size-full\" src=\"http:\/\/www.yatagarasu.fi\/wp-content\/uploads\/2025\/02\/kari_c.jpeg\" alt=\"\" width=\"200\" height=\"300\" \/><\/a><br \/><strong>Kari Lappalainen<\/strong><br \/>iaido 3. dan EKF, Suomen Kendoseurojen Keskusliitto ry:n graduointituomarilisenssi, ZNKR iaidon 2.tason ohjaajatutkinto (FKA), p\u00e4\u00e4valmentaja, toiminnanjohtaja<\/p>\n<p><a href=\"http:\/\/www.yatagarasu.fi\/wp-content\/uploads\/2025\/02\/nikolas_c.jpeg\"><img decoding=\"async\" class=\"alignnone wp-image-1764 size-full\" src=\"http:\/\/www.yatagarasu.fi\/wp-content\/uploads\/2025\/02\/nikolas_c.jpeg\" alt=\"\" width=\"200\" height=\"300\" \/><\/a><br \/><strong>Nikolas Kiikka<\/strong><br \/>iaido 2. dan EKF, Suomen Kendoseurojen Keskusliitto ry:n graduointituomarilisenssi, ZNKR iaidon (VOK-1) 1.tason junioriohjaajatutkinto (FKA)<\/p>\n\n\n<p><\/p>\n","protected":false},"excerpt":{"rendered":"<p>Iaido on perinteinen japanilaiseen miekank\u00e4ytt\u00f6taitoon perustuva laji, joka keskittyy miekan vet\u00e4misen ja sen k\u00e4yt\u00f6n harjoitteluun. Yatagarasu Ry on Suomen Kendoseurojen Keskusliitto ry:n j\u00e4sen IAIDON ALKEISKURSSI Iaido soveltuu kaikenik\u00e4isille ja kokoisille harjoittelijoille sukupuolesta tai kunnosta riippumatta. Lajiominaisuudet kehittyv\u00e4t hiljalleen tekemisen my\u00f6t\u00e4. &hellip; <a href=\"https:\/\/www.yatagarasu.fi\/?page_id=62\">Continue reading <span class=\"meta-nav\">&rarr;<\/span><\/a><\/p>\n","protected":false},"author":1,"featured_media":0,"parent":0,"menu_order":0,"comment_status":"closed","ping_status":"closed","template":"full-width-page.php","meta":[],"_links":{"self":[{"href":"https:\/\/www.yatagarasu.fi\/index.php?rest_route=\/wp\/v2\/pages\/62"}],"collection":[{"href":"https:\/\/www.yatagarasu.fi\/index.php?rest_route=\/wp\/v2\/pages"}],"about":[{"href":"https:\/\/www.yatagarasu.fi\/index.php?rest_route=\/wp\/v2\/types\/page"}],"author":[{"embeddable":true,"href":"https:\/\/www.yatagarasu.fi\/index.php?rest_route=\/wp\/v2\/users\/1"}],"replies":[{"embeddable":true,"href":"https:\/\/www.yatagarasu.fi\/index.php?rest_route=%2Fwp%2Fv2%2Fcomments&post=62"}],"version-history":[{"count":29,"href":"https:\/\/www.yatagarasu.fi\/index.php?rest_route=\/wp\/v2\/pages\/62\/revisions"}],"predecessor-version":[{"id":1774,"href":"https:\/\/www.yatagarasu.fi\/index.php?rest_route=\/wp\/v2\/pages\/62\/revisions\/1774"}],"wp:attachment":[{"href":"https:\/\/www.yatagarasu.fi\/index.php?rest_route=%2Fwp%2Fv2%2Fmedia&parent=62"}],"curies":[{"name":"wp","href":"https:\/\/api.w.org\/{rel}","templated":true}]}}