{"id":5,"date":"2013-04-14T19:59:46","date_gmt":"2013-04-14T16:59:46","guid":{"rendered":"http:\/\/www.yatagarasu.fi\/testi\/?page_id=5"},"modified":"2026-01-06T17:52:24","modified_gmt":"2026-01-06T15:52:24","slug":"2-2","status":"publish","type":"page","link":"https:\/\/www.yatagarasu.fi\/?page_id=5","title":{"rendered":"HARJOITUKSET"},"content":{"rendered":"\n<h2>KEV\u00c4\u00c4N 2026 HARJOITUSAJAT 5.1.2026 alkaen<\/h2>\n\n\n\n<p><strong>MAANANTAI<\/strong><br>18:00-19:00<strong> Aikido<\/strong> edistyneet<br>19:15-20:45 <strong>Iaido<\/strong> <\/p>\n\n\n\n<p><strong>TIISTAI<\/strong><br>17:30-18:30 <strong>Qigong<\/strong> <br>18:30-20:00 <strong>Kehonhuolto<\/strong><\/p>\n\n\n\n<p><strong>KESKIVIIKKO<\/strong><br>18:00-19:30 <strong>Aikido<\/strong> + aseet, edistyneet ja alkeiskurssi<\/p>\n\n\n\n<p><strong>TORSTAI<\/strong><br>17:30-19:00 <strong>Iaido<\/strong> alkeiskurssi<br>19:15-20:45 <strong>Aikido<\/strong> alkeiskurssi<\/p>\n\n\n\n<p><strong>PERJANTAI ja LAUANTAI<\/strong><br>Tarvittaessa vapaaharjoitukset, sovittava erikseen.<\/p>\n\n\n\n<p><strong>SUNNUNTAI<\/strong><br>10:45-11:45 <strong>Qigong<\/strong><br>12:00-13:30<strong> Iaido<\/strong><br>17:30-18:45 <strong>Karate<\/strong> alkeiskurssi<br><\/p>\n\n\n\n<h2><strong><code>MAKSUT<\/code><\/strong><\/h2>\n\n\n\n<p>Koko vuosi 1 laji 300 \u20ac \/ aikuiset (16-vuotiaat tai vanhemmat)<br>Koko vuosi 2-4 lajia 550 \u20ac \/ aikuiset (16-vuotiaat tai vanhemmat)<br>Puoli vuotta 1 laji 160 \u20ac \/ aikuiset (16-vuotiaat tai vanhemmat)<br>Puoli vuotta 2-4 lajia 300 \u20ac \/ aikuiset (16-vuotiaat tai vanhemmat)<br>Puoli vuotta 100 \u20ac \/ juniorit (alle 16-vuotiaat)<br>Kertamaksu 10 \u20ac \/ kaikki lajit tai 80 \u20ac \/ 10 kerran kortti<\/p>\n\n\n\n<p>Alennusryhm\u00e4t -20 %: opiskelijat, varusmiehet ja el\u00e4kel\u00e4iset.<\/p>\n\n\n\n<p>Kaikki lajimaksut sis\u00e4lt\u00e4v\u00e4t kehonhuollon.<\/p>\n\n\n\n<p>Qigongissa ja kehonhuollossa jokainen harjoittelija vastaa omasta vakuutusturvastaan.<\/p>\n\n\n\n<h3><strong>LISENSSIT<\/strong><\/h3>\n\n\n\n<p>Aikidoliiton lisenssivakuutus on pakollinen kaikille aikidon harrastajille ja Kendoliiton lisenssivakuutus on pakollinen kaikille iaidon harrastajille. Lisenssivakuutus ei sis\u00e4lly harjoitusmaksuun, vaan se on hankittava <a href=\"https:\/\/info.suomisport.fi\/\" target=\"_blank\" rel=\"noreferrer noopener\">Suomisport-digipalvelusta<\/a>. Lis\u00e4tietoa Aikidoliiton lisenssist\u00e4 <a href=\"https:\/\/www.aikidoliitto.fi\/liitto\/lisenssi\/\" target=\"_blank\" rel=\"noreferrer noopener\">t\u00e4\u00e4lt\u00e4<\/a> ja kendoliiton lisenssist\u00e4 <a href=\"http:\/\/kendoliitto.fi\/jasenille\/maksut\/\" target=\"_blank\" rel=\"noreferrer noopener\">t\u00e4\u00e4lt\u00e4<\/a>.<\/p>\n\n\n\n<p>Yatagarasussa maksuv\u00e4lineeksi kelpaavat my\u00f6s Smartum -setelit ja Epassi.<\/p>\n\n\n\n<figure class=\"wp-block-image\"><a href=\"http:\/\/www.yatagarasu.fi\/wp-content\/uploads\/2024\/12\/signal-2024-12-19-180422_003.png\"><img decoding=\"async\" src=\"http:\/\/www.yatagarasu.fi\/wp-content\/uploads\/2024\/12\/signal-2024-12-19-180422_003-300x94.png\" alt=\"\"\/><\/a><\/figure>\n\n\n\n<figure class=\"wp-block-image\"><a href=\"http:\/\/www.yatagarasu.fi\/wp-content\/uploads\/2013\/06\/Smartum_logo_200pix_gif.jpg\"><img decoding=\"async\" src=\"http:\/\/www.yatagarasu.fi\/wp-content\/uploads\/2013\/06\/Smartum_logo_200pix_gif.jpg\" alt=\"Smartum_logo_200pix_gif\"\/><\/a><\/figure>\n\n\n\n<figure class=\"wp-block-image\"><a href=\"http:\/\/www.yatagarasu.fi\/wp-content\/uploads\/2024\/12\/signal-2024-12-19-180422.png\"><img decoding=\"async\" src=\"http:\/\/www.yatagarasu.fi\/wp-content\/uploads\/2024\/12\/signal-2024-12-19-180422-300x193.png\" alt=\"\"\/><\/a><\/figure>\n\n\n\n<p><strong>Tervetuloa mukaan harjoittelemaan!<\/strong><\/p>\n","protected":false},"excerpt":{"rendered":"<p>KEV\u00c4\u00c4N 2026 HARJOITUSAJAT 5.1.2026 alkaen MAANANTAI18:00-19:00 Aikido edistyneet19:15-20:45 Iaido TIISTAI17:30-18:30 Qigong 18:30-20:00 Kehonhuolto KESKIVIIKKO18:00-19:30 Aikido + aseet, edistyneet ja alkeiskurssi TORSTAI17:30-19:00 Iaido alkeiskurssi19:15-20:45 Aikido alkeiskurssi PERJANTAI ja LAUANTAITarvittaessa vapaaharjoitukset, sovittava erikseen. SUNNUNTAI10:45-11:45 Qigong12:00-13:30 Iaido17:30-18:45 Karate alkeiskurssi MAKSUT Koko vuosi 1 &hellip; <a href=\"https:\/\/www.yatagarasu.fi\/?page_id=5\">Continue reading <span class=\"meta-nav\">&rarr;<\/span><\/a><\/p>\n","protected":false},"author":1,"featured_media":0,"parent":0,"menu_order":4,"comment_status":"open","ping_status":"closed","template":"full-width-page.php","meta":[],"_links":{"self":[{"href":"https:\/\/www.yatagarasu.fi\/index.php?rest_route=\/wp\/v2\/pages\/5"}],"collection":[{"href":"https:\/\/www.yatagarasu.fi\/index.php?rest_route=\/wp\/v2\/pages"}],"about":[{"href":"https:\/\/www.yatagarasu.fi\/index.php?rest_route=\/wp\/v2\/types\/page"}],"author":[{"embeddable":true,"href":"https:\/\/www.yatagarasu.fi\/index.php?rest_route=\/wp\/v2\/users\/1"}],"replies":[{"embeddable":true,"href":"https:\/\/www.yatagarasu.fi\/index.php?rest_route=%2Fwp%2Fv2%2Fcomments&post=5"}],"version-history":[{"count":141,"href":"https:\/\/www.yatagarasu.fi\/index.php?rest_route=\/wp\/v2\/pages\/5\/revisions"}],"predecessor-version":[{"id":1888,"href":"https:\/\/www.yatagarasu.fi\/index.php?rest_route=\/wp\/v2\/pages\/5\/revisions\/1888"}],"wp:attachment":[{"href":"https:\/\/www.yatagarasu.fi\/index.php?rest_route=%2Fwp%2Fv2%2Fmedia&parent=5"}],"curies":[{"name":"wp","href":"https:\/\/api.w.org\/{rel}","templated":true}]}}