{"id":462,"date":"2015-01-03T10:51:02","date_gmt":"2015-01-03T08:51:02","guid":{"rendered":"http:\/\/www.yatagarasu.fi\/?page_id=462"},"modified":"2025-05-06T16:04:15","modified_gmt":"2025-05-06T13:04:15","slug":"juniorit","status":"publish","type":"page","link":"https:\/\/www.yatagarasu.fi\/?page_id=462","title":{"rendered":"JUNIORIT"},"content":{"rendered":"<p><strong>Junioriaikidon harjoittelu<\/strong><\/p>\n<p>Junioriaikido sopii 7-13 vuotiaille. Junioriaikido eroaa aikuisten aikidosta siten, ett\u00e4 siin\u00e4 on mukana paljon leikki\u00e4 ja vaarallisemmat harjoitusmuodot on karsittu pois tai muutettu turvallisiksi harjoitteiksi.<\/p>\n<p>Tavallinen harjoitus alkaa monipuolisella alkuverryttelyll\u00e4, joka koostuu venytyksist\u00e4 ja lihasten l\u00e4mmittelyst\u00e4. Varsinainen harjoittelu on leikin ja aikidon sekoitusta. Harjoittelun tavoitteena on lajiosaamisen ohella opettaa lapsille budolajeille ominaista itsekuria ja toisten kunnioitusta, jotta harjoittelu tapahtuu turvallisessa ilmapiiriss\u00e4. T\u00e4m\u00e4 on erityisen t\u00e4rke\u00e4\u00e4 lasten kohdalla, koska kokoerot voivat olla varsin suuria kasvuvauhdin vaihdellessa.<\/p>\n<p>Ensimm\u00e4isiin harjoituksiin riitt\u00e4v\u00e4t varusteiksi verryttelyhousut ja t-paita sek\u00e4 sandaalit, jotta pukuhuoneista ei kulkeutuisi likaa harjoittelumatolle.<\/p>\n<p>Kev\u00e4\u00e4n ja syksyn treenikausi on tarkoitus p\u00e4\u00e4tt\u00e4\u00e4 vy\u00f6kokeeseen. Vy\u00f6kokeet tarjoavat lapsille mukavia v\u00e4litavoitteita, joissa voi testata taitojensa kehittymisen ja saada eri v\u00e4risi\u00e4 natsoja valkoiseen vy\u00f6h\u00f6n. Jokaisesta suorituksesta saa my\u00f6s Aikido-junioridiplomin, jossa lukee suoritettu vy\u00f6arvo.<\/p>\n<p>Kev\u00e4\u00e4n treenikausi p\u00e4\u00e4ttyy toukokuun lopussa ja syksyn treenikausi alkaa elokuun alussa.<\/p>\n<div style=\"width: 400px;\" class=\"wp-video\"><!--[if lt IE 9]><script>document.createElement('video');<\/script><![endif]-->\n<video class=\"wp-video-shortcode\" id=\"video-462-1\" width=\"400\" height=\"848\" preload=\"metadata\" controls=\"controls\"><source type=\"video\/mp4\" src=\"http:\/\/www.yatagarasu.fi\/wp-content\/uploads\/2023\/11\/signal-2023-09-21-193031.mp4?_=1\" \/><a href=\"http:\/\/www.yatagarasu.fi\/wp-content\/uploads\/2023\/11\/signal-2023-09-21-193031.mp4\">http:\/\/www.yatagarasu.fi\/wp-content\/uploads\/2023\/11\/signal-2023-09-21-193031.mp4<\/a><\/video><\/div>\n<p><strong>Harjoitusmaksut<\/strong><\/p>\n<p>Junioriaikidoa saa kokeilla kaksi ensimm\u00e4ist\u00e4 kertaa maksutta. Ks. ajantasaiset harjoitusmaksut <a href=\"http:\/\/www.yatagarasu.fi\/?page_id=5\">t\u00e4\u00e4lt\u00e4<\/a>. Junioreiden harjoittelumaksu on 100 \u20ac \/ puoli vuotta. Lis\u00e4ksi juniorilla tulee olla aikidon harjoittelemisen kattava vakuutus sek\u00e4 Aikidoliiton lisenssi noin 20e (koko vuodelle). Lisenssi ostetaan SuomiSportin kautta ja sielt\u00e4 voi ostaa my\u00f6s vakuutuksen (noin 20 euroa koko vuodelle).<\/p>\n<p>My\u00f6hemm\u00e4ss\u00e4 vaiheessa tulee ajankohtaiseksi aikidopuvun hankinta, jossa saa opastusta seuralta. Harjoituspuku maksaa noin 40 euroa ja se kest\u00e4\u00e4 k\u00e4yt\u00f6ss\u00e4 vuosia.<\/p>\n<p>Aikido on varsin edullinen harrastus lapsille, sill\u00e4 harjoitusmaksun, lisenssin ja treenipuvun lis\u00e4ksi siihen ei sis\u00e4lly juurikaan muita pakollisia kuluja.<\/p>\n<p><strong>Ohjaajat<\/strong><\/p>\n<p><a href=\"http:\/\/www.yatagarasu.fi\/wp-content\/uploads\/2025\/02\/Teemu_c.jpeg\"><img decoding=\"async\" class=\"alignnone wp-image-1767 size-full\" src=\"http:\/\/www.yatagarasu.fi\/wp-content\/uploads\/2025\/02\/Teemu_c.jpeg\" alt=\"\" width=\"200\" height=\"300\" \/><\/a><\/p>\n<p><strong>Teemu Puhakka<\/strong><\/p>\n<p>Junioriaikidon p\u00e4\u00e4ohjaaja,<br \/>\n1. dan Aikikai, aikidon 1. tason junioriohjaajakoulutus (VOK-1) ja junioreiden E-graduointilisenssi..<\/p>\n<p><a href=\"http:\/\/www.yatagarasu.fi\/wp-content\/uploads\/2025\/02\/nikolas_c.jpeg\"><img decoding=\"async\" class=\"alignnone wp-image-1764 size-full\" src=\"http:\/\/www.yatagarasu.fi\/wp-content\/uploads\/2025\/02\/nikolas_c.jpeg\" alt=\"\" width=\"200\" height=\"300\" \/><\/a><\/p>\n<p><strong>Nikola Kiikka<\/strong><\/p>\n<p>Junioriaikidon ohjaaja,<br \/>\n3. kyu, aikidon 1. tason ohjaajakoulutus (VOK-1).<\/p>\n<p>Ohjaajina toimivat my\u00f6s Harri Sariola, Oskari Raunio sek\u00e4 ja tarvittaessa my\u00f6s muut seuran ohjaajat.<\/p>\n<p><strong>Yhteydenotot<\/strong><\/p>\n<div>Junioriaikidosta kiinnostuneet voivat ottaa yhteytt\u00e4 Teemu Puhakkaan s\u00e4hk\u00f6postitse teemu (at) yatagarasu.fi<\/div>\n","protected":false},"excerpt":{"rendered":"<p>Junioriaikidon harjoittelu Junioriaikido sopii 7-13 vuotiaille. Junioriaikido eroaa aikuisten aikidosta siten, ett\u00e4 siin\u00e4 on mukana paljon leikki\u00e4 ja vaarallisemmat harjoitusmuodot on karsittu pois tai muutettu turvallisiksi harjoitteiksi. Tavallinen harjoitus alkaa monipuolisella alkuverryttelyll\u00e4, joka koostuu venytyksist\u00e4 ja lihasten l\u00e4mmittelyst\u00e4. Varsinainen harjoittelu &hellip; <a href=\"https:\/\/www.yatagarasu.fi\/?page_id=462\">Continue reading <span class=\"meta-nav\">&rarr;<\/span><\/a><\/p>\n","protected":false},"author":1,"featured_media":0,"parent":0,"menu_order":0,"comment_status":"closed","ping_status":"closed","template":"full-width-page.php","meta":[],"_links":{"self":[{"href":"https:\/\/www.yatagarasu.fi\/index.php?rest_route=\/wp\/v2\/pages\/462"}],"collection":[{"href":"https:\/\/www.yatagarasu.fi\/index.php?rest_route=\/wp\/v2\/pages"}],"about":[{"href":"https:\/\/www.yatagarasu.fi\/index.php?rest_route=\/wp\/v2\/types\/page"}],"author":[{"embeddable":true,"href":"https:\/\/www.yatagarasu.fi\/index.php?rest_route=\/wp\/v2\/users\/1"}],"replies":[{"embeddable":true,"href":"https:\/\/www.yatagarasu.fi\/index.php?rest_route=%2Fwp%2Fv2%2Fcomments&post=462"}],"version-history":[{"count":36,"href":"https:\/\/www.yatagarasu.fi\/index.php?rest_route=\/wp\/v2\/pages\/462\/revisions"}],"predecessor-version":[{"id":1805,"href":"https:\/\/www.yatagarasu.fi\/index.php?rest_route=\/wp\/v2\/pages\/462\/revisions\/1805"}],"wp:attachment":[{"href":"https:\/\/www.yatagarasu.fi\/index.php?rest_route=%2Fwp%2Fv2%2Fmedia&parent=462"}],"curies":[{"name":"wp","href":"https:\/\/api.w.org\/{rel}","templated":true}]}}