{"id":1843,"date":"2026-01-12T09:08:40","date_gmt":"2026-01-12T07:08:40","guid":{"rendered":"https:\/\/www.yatagarasu.fi\/?page_id=1843"},"modified":"2026-02-25T10:19:22","modified_gmt":"2026-02-25T08:19:22","slug":"karate","status":"publish","type":"page","link":"https:\/\/www.yatagarasu.fi\/?page_id=1843","title":{"rendered":"KARATE"},"content":{"rendered":"\n<h2>\ud83e\udd4b Aloita karate \u2013 nuorille ja aikuisille!<\/h2>\n\n\n\n<p><strong>Karate<\/strong> harjoittaa kehoa ja mielt\u00e4 tehokkaan itsepuolustustaidon kautta. Tutustumiskurssilla saat yksil\u00f6llist\u00e4 ohjausta, etk\u00e4 tarvitse aiempaa urheilutaustaa. Kurssi sopii aikuisille ja nuorille.<\/p>\n\n\n\n<p>\ud83d\udcc5 <strong>Seuraava kurssi alkaa syksyll\u00e4!<\/strong><\/p>\n\n\n\n<p>\u2705 Ensimm\u00e4iselle tunnille treenivaatteiksi riitt\u00e4v\u00e4t verryttelyhousut ja t-paita ja matolle liikkumista varten sandaalit. My\u00f6hemmin voit hankkia karate-puvun. Ennen harjoitusta jalat ja k\u00e4det pest\u00e4\u00e4n, joten ota my\u00f6s pieni pyyhe mukaan. Salilla on lis\u00e4ksi mahdollisuus k\u00e4yd\u00e4 suihkussa. Poista my\u00f6s korut ja pid\u00e4 kynnet lyhyeksi leikattuina <\/p>\n\n\n\n<p>\ud83e\udded Osoite:\u00a0<a href=\"https:\/\/www.yatagarasu.fi\/?page_id=1843\">Pulttitie 8 (3.kerros)<\/a>. 00880 Helsinki<\/p>\n\n\n\n<h4>OHJAAJAT:<\/h4>\n\n\n\n<p><strong>Harri Kuismin<\/strong> (5.dan Shukokai)<br><strong>Marika Kesseli<\/strong> (2. dan Shorinjiryu Choroukai)<\/p>\n\n\n\n<p>Lis\u00e4tietoja:<br>kuismhar@gmail.com <br>+358 50 5125454<\/p>\n","protected":false},"excerpt":{"rendered":"<p>\ud83e\udd4b Aloita karate \u2013 nuorille ja aikuisille! Karate harjoittaa kehoa ja mielt\u00e4 tehokkaan itsepuolustustaidon kautta. Tutustumiskurssilla saat yksil\u00f6llist\u00e4 ohjausta, etk\u00e4 tarvitse aiempaa urheilutaustaa. Kurssi sopii aikuisille ja nuorille. \ud83d\udcc5 Seuraava kurssi alkaa syksyll\u00e4! \u2705 Ensimm\u00e4iselle tunnille treenivaatteiksi riitt\u00e4v\u00e4t verryttelyhousut ja &hellip; <a href=\"https:\/\/www.yatagarasu.fi\/?page_id=1843\">Continue reading <span class=\"meta-nav\">&rarr;<\/span><\/a><\/p>\n","protected":false},"author":3,"featured_media":1899,"parent":0,"menu_order":0,"comment_status":"closed","ping_status":"closed","template":"","meta":[],"_links":{"self":[{"href":"https:\/\/www.yatagarasu.fi\/index.php?rest_route=\/wp\/v2\/pages\/1843"}],"collection":[{"href":"https:\/\/www.yatagarasu.fi\/index.php?rest_route=\/wp\/v2\/pages"}],"about":[{"href":"https:\/\/www.yatagarasu.fi\/index.php?rest_route=\/wp\/v2\/types\/page"}],"author":[{"embeddable":true,"href":"https:\/\/www.yatagarasu.fi\/index.php?rest_route=\/wp\/v2\/users\/3"}],"replies":[{"embeddable":true,"href":"https:\/\/www.yatagarasu.fi\/index.php?rest_route=%2Fwp%2Fv2%2Fcomments&post=1843"}],"version-history":[{"count":15,"href":"https:\/\/www.yatagarasu.fi\/index.php?rest_route=\/wp\/v2\/pages\/1843\/revisions"}],"predecessor-version":[{"id":1932,"href":"https:\/\/www.yatagarasu.fi\/index.php?rest_route=\/wp\/v2\/pages\/1843\/revisions\/1932"}],"wp:featuredmedia":[{"embeddable":true,"href":"https:\/\/www.yatagarasu.fi\/index.php?rest_route=\/wp\/v2\/media\/1899"}],"wp:attachment":[{"href":"https:\/\/www.yatagarasu.fi\/index.php?rest_route=%2Fwp%2Fv2%2Fmedia&parent=1843"}],"curies":[{"name":"wp","href":"https:\/\/api.w.org\/{rel}","templated":true}]}}